{"id":882,"date":"2021-05-14T17:22:13","date_gmt":"2021-05-14T22:22:13","guid":{"rendered":"https:\/\/wellnesshouse.org\/?page_id=882"},"modified":"2026-01-12T15:11:34","modified_gmt":"2026-01-12T21:11:34","slug":"programas-en-espanol","status":"publish","type":"page","link":"https:\/\/wellnesshouse-acc.cyberoptik.co\/es\/programas-en-espanol\/","title":{"rendered":"\u00a1Bienvenidos a Wellness House!"},"content":{"rendered":"<div class=\"wp-block-cover is-light\" style=\"min-height:310px;aspect-ratio:unset;\"><img loading=\"lazy\" decoding=\"async\" width=\"2000\" height=\"625\" class=\"wp-block-cover__image-background wp-image-2827\" alt=\"\" src=\"https:\/\/wellnesshouse-acc.cyberoptik.co\/wp-content\/uploads\/2021\/08\/wellness-house-espanol-scaled.jpg\" style=\"object-position:53% 0%\" data-object-fit=\"cover\" data-object-position=\"53% 0%\" srcset=\"https:\/\/wellnesshouse-acc.cyberoptik.co\/wp-content\/uploads\/2021\/08\/wellness-house-espanol-scaled.jpg 2000w, https:\/\/wellnesshouse-acc.cyberoptik.co\/wp-content\/uploads\/2021\/08\/wellness-house-espanol-300x94.jpg 300w, https:\/\/wellnesshouse-acc.cyberoptik.co\/wp-content\/uploads\/2021\/08\/wellness-house-espanol-1024x320.jpg 1024w, https:\/\/wellnesshouse-acc.cyberoptik.co\/wp-content\/uploads\/2021\/08\/wellness-house-espanol-768x240.jpg 768w, https:\/\/wellnesshouse-acc.cyberoptik.co\/wp-content\/uploads\/2021\/08\/wellness-house-espanol-1536x480.jpg 1536w, https:\/\/wellnesshouse-acc.cyberoptik.co\/wp-content\/uploads\/2021\/08\/wellness-house-espanol-2048x640.jpg 2048w, https:\/\/wellnesshouse-acc.cyberoptik.co\/wp-content\/uploads\/2021\/08\/wellness-house-espanol-18x6.jpg 18w\" sizes=\"auto, (max-width: 2000px) 100vw, 2000px\" \/><span aria-hidden=\"true\" class=\"wp-block-cover__background has-background-dim\" style=\"background-color:#464f55\"><\/span><div class=\"wp-block-cover__inner-container is-layout-flow wp-block-cover-is-layout-flow\">\n<h1 class=\"wp-block-heading has-text-align-center has-nv-site-bg-color has-text-color\">\u00a1Bienvenidos a Wellness House!<\/h1>\n<\/div><\/div>\n\n\n\n<div style=\"height:30px\" aria-hidden=\"true\" class=\"wp-block-spacer\"><\/div>\n\n\n\n<p>Somos un equipo de expertos emp\u00e1ticos y compasivos listos para ayudarlo a vivir plenamente la vida con c\u00e1ncer. Estamos aqu\u00ed para aquellos que han sido diagnosticados recientemente, en tratamiento, postratamiento, cuidadores y familias. Y mientras los adultos participan en el evento Taste of Wellness House, los ni\u00f1os pueden disfrutar de actividades, que incluyen jardiner\u00eda, juegos, manualidades, cocina, refrigerios y \u00a1mucho m\u00e1s!<\/p>\n\n\n\n<p>Cada diagn\u00f3stico y tratamiento de c\u00e1ncer es diferente. Es por eso que ofrecemos una amplia variedad de programas y eventos para que pueda elegir lo que funciona para usted. <strong>Todos los programas se proporcionan sin costo.<\/strong><\/p>\n\n\n\n<p>Habr\u00e1 una sesi\u00f3n de preguntas y respuestas luego de las&nbsp;presentaciones.\u200b <br><strong>Cont\u00e1ctenos<\/strong>: Para obtener m\u00e1s informaci\u00f3n, llame al 630.654.7217 o <a href=\"mailto:igarciaperez@wellnesshouse-acc.cyberoptik.co\">igarciaperez@wellnesshouse-acc.cyberoptik.co<\/a>.<\/p>\n\n\n\n<p><strong>Para registrarse:<\/strong> Seleccione la fecha y hora en uno de los calendarios de programas presenciales o en l\u00ednea que aparecen a continuaci\u00f3n y haga clic en el bot\u00f3n \u201cRegistrarse\u201d. Se le pedir\u00e1 que cree una cuenta o inicie sesi\u00f3n en nuestro sitio de registro, Mindbody Online.<\/p>\n\n\n\n<h3 class=\"wp-block-heading\" id=\"espanol-menu\"><strong>Ir directamente a los programas en espa\u00f1ol (en l\u00ednea o presenciales):<\/strong><\/h3>\n\n\n<ul style=\"padding-left: 1.1em; text-align: left; --ub-list-item-icon-top: 3px;; --ub-list-item-icon-size: 0.9em; --ub-list-item-background-image: url('data:image\/svg+xml;utf8,&lt;svg xmlns=&quot;http:\/\/www.w3.org\/2000\/svg&quot; viewBox=&quot;0 0 512 512&quot;&gt;&lt;path fill=&quot;%23000000&quot; d=&quot;M470.6 105.4c12.5 12.5 12.5 32.8 0 45.3l-256 256c-12.5 12.5-32.8 12.5-45.3 0l-128-128c-12.5-12.5-12.5-32.8 0-45.3s32.8-12.5 45.3 0L192 338.7 425.4 105.4c12.5-12.5 32.8-12.5 45.3 0z&quot;&gt;&lt;\/path&gt;&lt;\/svg&gt;'); --ub-list-item-fa-li-top: 3px; --ub-list-item-spacing: 0px; \" class=\"wp-block-ub-styled-list ub_styled_list\" id=\"ub_styled_list-29a65f25-5b0b-4e27-9db2-bc6ccb1f03da\"><div class=\"ub-block-list__layout\" style=\"text-align: left; column-count: 1; --ub-list-mobile-column-count: 1; \">\n<li class=\"ub_styled_list_item\" style=\"--ub-list-item-icon-top: 3px; --ub-list-item-icon-size: 0.9em; --ub-list-item-background-image: url('data:image\/svg+xml;utf8,&lt;svg xmlns=&quot;http:\/\/www.w3.org\/2000\/svg&quot; viewBox=&quot;0 0 448 512&quot;&gt;&lt;path fill=&quot;%23000000&quot; d=&quot;M438.6 278.6c12.5-12.5 12.5-32.8 0-45.3l-160-160c-12.5-12.5-32.8-12.5-45.3 0s-12.5 32.8 0 45.3L338.8 224 32 224c-17.7 0-32 14.3-32 32s14.3 32 32 32l306.7 0L233.4 393.4c-12.5 12.5-12.5 32.8 0 45.3s32.8 12.5 45.3 0l160-160z&quot;&gt;&lt;\/path&gt;&lt;\/svg&gt;'); \" id=\"ub-styled-list-item-12081b2e-fd63-445e-9e8d-89b7ae9aa07b\">\n\t\t\t<div class=\"ub_list_item_content\">\n\t\t\t\t<span class=\"ub_list_item_icon\">\n\t\t\t\t\t<svg width=\"0.9em\" height=\"0.9em\" xmlns=\"http:\/\/www.w3.org\/2000\/svg\" viewbox=\"0 0 448 512\"><path fill=\"#000000\" d=\"M438.6 278.6c12.5-12.5 12.5-32.8 0-45.3l-160-160c-12.5-12.5-32.8-12.5-45.3 0s-12.5 32.8 0 45.3L338.8 224 32 224c-17.7 0-32 14.3-32 32s14.3 32 32 32l306.7 0L233.4 393.4c-12.5 12.5-12.5 32.8 0 45.3s32.8 12.5 45.3 0l160-160z\"><\/path><\/svg>\n\t\t\t\t<\/span>\n\t\t\t\t<span class=\"ub_list_item_text\"><a href=\"#espanol-presenciales\">Programas Presenciales en Espa\u00f1ol<\/a><\/span>\n\t\t\t<\/div>\n\t\t\t\n\t\t<\/li>\n<\/div><\/ul>\n\n\n<p><strong><em>Actividades para ni\u00f1os<\/em><\/strong>.<\/p>\n\n\n\n<div class=\"wp-block-buttons is-layout-flex wp-block-buttons-is-layout-flex\">\n<div class=\"wp-block-button\"><a class=\"wp-block-button__link has-neve-link-color-background-color has-background wp-element-button\" href=\"https:\/\/wellnesshouse-acc.cyberoptik.co\/feria-de-nutricion\/\"><strong>Reg\u00edstrese aqu\u00ed para la Feria de Nutrici\u00f3n<\/strong><\/a><\/div>\n<\/div>\n\n\n\n<div style=\"height:30px\" aria-hidden=\"true\" class=\"wp-block-spacer\"><\/div>\n\n\n\n<h3 class=\"wp-block-heading\" id=\"espanol-presenciales\"><strong>Programas Presenciales en Espa\u00f1ol<\/strong><\/h3>\n\n\n\n<script src=\"https:\/\/widgets.mindbodyonline.com\/javascripts\/healcode.js\" type=\"text\/javascript\"><\/script>\n<healcode-widget data-type=\"schedules\" data-widget-partner=\"object\" data-widget-id=\"6e2201208f76\" data-widget-version=\"1\" ><\/healcode-widget>\n\n\n\n<div class=\"wp-block-buttons is-layout-flex wp-block-buttons-is-layout-flex\">\n<div class=\"wp-block-button\"><a class=\"wp-block-button__link has-neve-link-hover-color-background-color has-background wp-element-button\" href=\"#espanol-menu\">Volver arriba<\/a><\/div>\n<\/div>\n\n\n\n<div style=\"height:30px\" aria-hidden=\"true\" class=\"wp-block-spacer\"><\/div>\n\n\n\n<h3 class=\"wp-block-heading\" id=\"espanol-virtuales\"><strong>Programas Virtuales en Espa\u00f1ol<\/strong><\/h3>\n\n\n\n<script src=\"https:\/\/widgets.mindbodyonline.com\/javascripts\/healcode.js\" type=\"text\/javascript\"><\/script>\n<healcode-widget data-type=\"schedules\" data-widget-partner=\"object\" data-widget-id=\"6e2201198f76\" data-widget-version=\"1\" ><\/healcode-widget>\n\n\n\n<div class=\"wp-block-buttons is-layout-flex wp-block-buttons-is-layout-flex\">\n<div class=\"wp-block-button\"><a class=\"wp-block-button__link has-neve-link-hover-color-background-color has-background wp-element-button\" href=\"#espanol-menu\">Volver arriba<\/a><\/div>\n<\/div>\n\n\n\n<div style=\"height:30px\" aria-hidden=\"true\" class=\"wp-block-spacer\"><\/div>\n\n\n\n<h3 class=\"wp-block-heading\"><a href=\"https:\/\/wellnesshouse-acc.cyberoptik.co\/wp-content\/uploads\/2025\/12\/FY26JFM-Spanish_Programs_In-House_-6.pdf\">Todas Programas en espa\u00f1ol &#8211; Enero, Febrero, Marzo<\/a><\/h3>\n\n\n\n<figure class=\"wp-block-image size-full is-resized\"><img loading=\"lazy\" decoding=\"async\" width=\"966\" height=\"1250\" src=\"https:\/\/wellnesshouse-acc.cyberoptik.co\/wp-content\/uploads\/2026\/01\/FY26JFM-Spanish_Programs_In-House_7.png\" alt=\"\" class=\"wp-image-12985\" style=\"width:470px;height:auto\" srcset=\"https:\/\/wellnesshouse-acc.cyberoptik.co\/wp-content\/uploads\/2026\/01\/FY26JFM-Spanish_Programs_In-House_7.png 966w, https:\/\/wellnesshouse-acc.cyberoptik.co\/wp-content\/uploads\/2026\/01\/FY26JFM-Spanish_Programs_In-House_7-927x1200.png 927w, https:\/\/wellnesshouse-acc.cyberoptik.co\/wp-content\/uploads\/2026\/01\/FY26JFM-Spanish_Programs_In-House_7-464x600.png 464w, https:\/\/wellnesshouse-acc.cyberoptik.co\/wp-content\/uploads\/2026\/01\/FY26JFM-Spanish_Programs_In-House_7-768x994.png 768w, https:\/\/wellnesshouse-acc.cyberoptik.co\/wp-content\/uploads\/2026\/01\/FY26JFM-Spanish_Programs_In-House_7-9x12.png 9w\" sizes=\"auto, (max-width: 966px) 100vw, 966px\" \/><\/figure>\n\n\n<div class=\"wp-block-image areas-de-programas\">\n<figure class=\"aligncenter size-large is-resized\"><img loading=\"lazy\" decoding=\"async\" width=\"1024\" height=\"258\" src=\"https:\/\/wellnesshouse-acc.cyberoptik.co\/wp-content\/uploads\/2021\/08\/Spanish-program-areas-1024x258.png\" alt=\"\" class=\"wp-image-3260\" style=\"width:1024px;height:258px\" srcset=\"https:\/\/wellnesshouse-acc.cyberoptik.co\/wp-content\/uploads\/2021\/08\/Spanish-program-areas-1024x258.png 1024w, https:\/\/wellnesshouse-acc.cyberoptik.co\/wp-content\/uploads\/2021\/08\/Spanish-program-areas-300x75.png 300w, https:\/\/wellnesshouse-acc.cyberoptik.co\/wp-content\/uploads\/2021\/08\/Spanish-program-areas-768x193.png 768w, https:\/\/wellnesshouse-acc.cyberoptik.co\/wp-content\/uploads\/2021\/08\/Spanish-program-areas-1536x386.png 1536w, https:\/\/wellnesshouse-acc.cyberoptik.co\/wp-content\/uploads\/2021\/08\/Spanish-program-areas-2048x515.png 2048w, https:\/\/wellnesshouse-acc.cyberoptik.co\/wp-content\/uploads\/2021\/08\/Spanish-program-areas-18x5.png 18w\" sizes=\"auto, (max-width: 1024px) 100vw, 1024px\" \/><\/figure><\/div>\n\n\n<h2 class=\"wp-block-heading\"><br><\/h2>\n\n\n\n<div style=\"height:20px\" aria-hidden=\"true\" class=\"wp-block-spacer\"><\/div>\n\n\n\n<div class=\"wp-block-group alignfull\"><div class=\"wp-block-group__inner-container is-layout-flow wp-block-group-is-layout-flow\"><\/div><\/div>\n\n\n\n<pre id=\"tw-target-text\" class=\"wp-block-preformatted\"><strong>V\u00e9anos en Telemundo Chicago <\/strong><span class=\"has-inline-color has-nv-c-2-color\"><strong><a href=\"https:\/\/www.telemundochicago.com\/especiales\/enfoque\/wellness-house-la-fundacion-que-marca-la-diferencia-y-ayuda-a-combatir-el-cancer\/2232175\/?fbclid=IwAR2LHSbDji1zn7IjDxfzZ96Hkq5783eeFG4r4jKdx6B1vm-nzQZd7T4mgJU\">here&gt;<\/a><\/strong><\/span><\/pre>\n\n\n\n<div style=\"height:60px\" aria-hidden=\"true\" class=\"wp-block-spacer\"><\/div>\n\n\n\n<div style=\"height:60px\" aria-hidden=\"true\" class=\"wp-block-spacer\"><\/div>","protected":false},"excerpt":{"rendered":"<p>Somos un equipo de expertos emp\u00e1ticos y compasivos listos para ayudarlo a vivir plenamente la vida con c\u00e1ncer. Estamos aqu\u00ed para aquellos que han sido diagnosticados recientemente, en tratamiento, postratamiento, cuidadores y familias. Y mientras los adultos participan en el evento Taste of Wellness House, los ni\u00f1os pueden disfrutar de actividades, que incluyen jardiner\u00eda, juegos,&hellip;&nbsp;<a href=\"https:\/\/wellnesshouse-acc.cyberoptik.co\/es\/programas-en-espanol\/\" rel=\"bookmark\">Read More &raquo;<span class=\"screen-reader-text\">\u00a1Bienvenidos a Wellness House!<\/span><\/a><\/p>","protected":false},"author":15,"featured_media":2827,"parent":0,"menu_order":0,"comment_status":"closed","ping_status":"closed","template":"","meta":{"_monsterinsights_skip_tracking":false,"_monsterinsights_sitenote_active":false,"_monsterinsights_sitenote_note":"","_monsterinsights_sitenote_category":0,"_uf_show_specific_survey":0,"_uf_disable_surveys":false,"neve_meta_sidebar":"full-width","neve_meta_container":"","neve_meta_enable_content_width":"on","neve_meta_content_width":100,"neve_meta_title_alignment":"","neve_meta_author_avatar":"","neve_post_elements_order":"","neve_meta_disable_header":"","neve_meta_disable_footer":"","neve_meta_disable_title":"on","neve_meta_reading_time":"","footnotes":""},"class_list":["post-882","page","type-page","status-publish","has-post-thumbnail","hentry"],"aioseo_notices":[],"featured_image_src":"https:\/\/wellnesshouse-acc.cyberoptik.co\/wp-content\/uploads\/2021\/08\/wellness-house-espanol-scaled.jpg","yoast_head":"<!-- This site is optimized with the Yoast SEO plugin v27.5 - https:\/\/yoast.com\/product\/yoast-seo-wordpress\/ -->\n<title>\u00a1Bienvenidos a Wellness House! | Wellness House<\/title>\n<meta name=\"robots\" content=\"noindex, follow, max-snippet:-1, max-image-preview:large, max-video-preview:-1\" \/>\n<meta property=\"og:locale\" content=\"es_MX\" \/>\n<meta property=\"og:type\" content=\"article\" \/>\n<meta property=\"og:title\" content=\"\u00a1Bienvenidos a Wellness House! | Wellness House\" \/>\n<meta property=\"og:description\" content=\"Somos un equipo de expertos emp\u00e1ticos y compasivos listos para ayudarlo a vivir plenamente la vida con c\u00e1ncer. Estamos aqu\u00ed para aquellos que han sido diagnosticados recientemente, en tratamiento, postratamiento, cuidadores y familias. Y mientras los adultos participan en el evento Taste of Wellness House, los ni\u00f1os pueden disfrutar de actividades, que incluyen jardiner\u00eda, juegos,&hellip;&nbsp;Read More &raquo;\u00a1Bienvenidos a Wellness House!\" \/>\n<meta property=\"og:url\" content=\"https:\/\/wellnesshouse-acc.cyberoptik.co\/es\/programas-en-espanol\/\" \/>\n<meta property=\"og:site_name\" content=\"Wellness House\" \/>\n<meta property=\"article:publisher\" content=\"https:\/\/www.facebook.com\/WellnessHouseHinsdale\" \/>\n<meta property=\"article:modified_time\" content=\"2026-01-12T21:11:34+00:00\" \/>\n<meta property=\"og:image\" content=\"https:\/\/wellnesshouse-acc.cyberoptik.co\/wp-content\/uploads\/2021\/08\/wellness-house-espanol-scaled.jpg\" \/>\n\t<meta property=\"og:image:width\" content=\"2000\" \/>\n\t<meta property=\"og:image:height\" content=\"625\" \/>\n\t<meta property=\"og:image:type\" content=\"image\/jpeg\" \/>\n<meta name=\"twitter:card\" content=\"summary_large_image\" \/>\n<meta name=\"twitter:site\" content=\"@WellnessHouse\" \/>\n<meta name=\"twitter:label1\" content=\"Tiempo de lectura\" \/>\n\t<meta name=\"twitter:data1\" content=\"8 minutos\" \/>\n<script type=\"application\/ld+json\" class=\"yoast-schema-graph\">{\"@context\":\"https:\\\/\\\/schema.org\",\"@graph\":[{\"@type\":\"WebPage\",\"@id\":\"https:\\\/\\\/wellnesshouse-acc.cyberoptik.co\\\/programas-en-espanol\\\/\",\"url\":\"https:\\\/\\\/wellnesshouse-acc.cyberoptik.co\\\/programas-en-espanol\\\/\",\"name\":\"\u00a1Bienvenidos a Wellness House! | Wellness House\",\"isPartOf\":{\"@id\":\"https:\\\/\\\/wellnesshouse-acc.cyberoptik.co\\\/#website\"},\"primaryImageOfPage\":{\"@id\":\"https:\\\/\\\/wellnesshouse-acc.cyberoptik.co\\\/programas-en-espanol\\\/#primaryimage\"},\"image\":{\"@id\":\"https:\\\/\\\/wellnesshouse-acc.cyberoptik.co\\\/programas-en-espanol\\\/#primaryimage\"},\"thumbnailUrl\":\"https:\\\/\\\/wellnesshouse-acc.cyberoptik.co\\\/wp-content\\\/uploads\\\/2021\\\/08\\\/wellness-house-espanol-scaled.jpg\",\"datePublished\":\"2021-05-14T22:22:13+00:00\",\"dateModified\":\"2026-01-12T21:11:34+00:00\",\"breadcrumb\":{\"@id\":\"https:\\\/\\\/wellnesshouse-acc.cyberoptik.co\\\/programas-en-espanol\\\/#breadcrumb\"},\"inLanguage\":\"es\",\"potentialAction\":[{\"@type\":\"ReadAction\",\"target\":[\"https:\\\/\\\/wellnesshouse-acc.cyberoptik.co\\\/programas-en-espanol\\\/\"]}]},{\"@type\":\"ImageObject\",\"inLanguage\":\"es\",\"@id\":\"https:\\\/\\\/wellnesshouse-acc.cyberoptik.co\\\/programas-en-espanol\\\/#primaryimage\",\"url\":\"https:\\\/\\\/wellnesshouse-acc.cyberoptik.co\\\/wp-content\\\/uploads\\\/2021\\\/08\\\/wellness-house-espanol-scaled.jpg\",\"contentUrl\":\"https:\\\/\\\/wellnesshouse-acc.cyberoptik.co\\\/wp-content\\\/uploads\\\/2021\\\/08\\\/wellness-house-espanol-scaled.jpg\",\"width\":2000,\"height\":625},{\"@type\":\"BreadcrumbList\",\"@id\":\"https:\\\/\\\/wellnesshouse-acc.cyberoptik.co\\\/programas-en-espanol\\\/#breadcrumb\",\"itemListElement\":[{\"@type\":\"ListItem\",\"position\":1,\"name\":\"Home\",\"item\":\"https:\\\/\\\/wellnesshouse-acc.cyberoptik.co\\\/\"},{\"@type\":\"ListItem\",\"position\":2,\"name\":\"\u00a1Bienvenidos a Wellness House!\"}]},{\"@type\":\"WebSite\",\"@id\":\"https:\\\/\\\/wellnesshouse-acc.cyberoptik.co\\\/#website\",\"url\":\"https:\\\/\\\/wellnesshouse-acc.cyberoptik.co\\\/\",\"name\":\"Wellness House\",\"description\":\"For Living with Cancer\",\"publisher\":{\"@id\":\"https:\\\/\\\/wellnesshouse-acc.cyberoptik.co\\\/#organization\"},\"potentialAction\":[{\"@type\":\"SearchAction\",\"target\":{\"@type\":\"EntryPoint\",\"urlTemplate\":\"https:\\\/\\\/wellnesshouse-acc.cyberoptik.co\\\/?s={search_term_string}\"},\"query-input\":{\"@type\":\"PropertyValueSpecification\",\"valueRequired\":true,\"valueName\":\"search_term_string\"}}],\"inLanguage\":\"es\"},{\"@type\":\"Organization\",\"@id\":\"https:\\\/\\\/wellnesshouse-acc.cyberoptik.co\\\/#organization\",\"name\":\"Wellness House\",\"url\":\"https:\\\/\\\/wellnesshouse-acc.cyberoptik.co\\\/\",\"logo\":{\"@type\":\"ImageObject\",\"inLanguage\":\"es\",\"@id\":\"https:\\\/\\\/wellnesshouse-acc.cyberoptik.co\\\/#\\\/schema\\\/logo\\\/image\\\/\",\"url\":\"https:\\\/\\\/wellnesshouse-acc.cyberoptik.co\\\/wp-content\\\/uploads\\\/2021\\\/05\\\/Wellness-House-Default-logo.png\",\"contentUrl\":\"https:\\\/\\\/wellnesshouse-acc.cyberoptik.co\\\/wp-content\\\/uploads\\\/2021\\\/05\\\/Wellness-House-Default-logo.png\",\"width\":510,\"height\":242,\"caption\":\"Wellness House\"},\"image\":{\"@id\":\"https:\\\/\\\/wellnesshouse-acc.cyberoptik.co\\\/#\\\/schema\\\/logo\\\/image\\\/\"},\"sameAs\":[\"https:\\\/\\\/www.facebook.com\\\/WellnessHouseHinsdale\",\"https:\\\/\\\/x.com\\\/WellnessHouse\",\"https:\\\/\\\/www.instagram.com\\\/wellnesshousehinsdale\\\/\",\"https:\\\/\\\/www.linkedin.com\\\/company\\\/wellness-house\\\/\"]}]}<\/script>\n<!-- \/ Yoast SEO plugin. -->","yoast_head_json":{"title":"\u00a1Bienvenidos a Wellness House! | Wellness House","robots":{"index":"noindex","follow":"follow","max-snippet":"max-snippet:-1","max-image-preview":"max-image-preview:large","max-video-preview":"max-video-preview:-1"},"og_locale":"es_MX","og_type":"article","og_title":"\u00a1Bienvenidos a Wellness House! | Wellness House","og_description":"Somos un equipo de expertos emp\u00e1ticos y compasivos listos para ayudarlo a vivir plenamente la vida con c\u00e1ncer. Estamos aqu\u00ed para aquellos que han sido diagnosticados recientemente, en tratamiento, postratamiento, cuidadores y familias. Y mientras los adultos participan en el evento Taste of Wellness House, los ni\u00f1os pueden disfrutar de actividades, que incluyen jardiner\u00eda, juegos,&hellip;&nbsp;Read More &raquo;\u00a1Bienvenidos a Wellness House!","og_url":"https:\/\/wellnesshouse-acc.cyberoptik.co\/es\/programas-en-espanol\/","og_site_name":"Wellness House","article_publisher":"https:\/\/www.facebook.com\/WellnessHouseHinsdale","article_modified_time":"2026-01-12T21:11:34+00:00","og_image":[{"width":2000,"height":625,"url":"https:\/\/wellnesshouse-acc.cyberoptik.co\/wp-content\/uploads\/2021\/08\/wellness-house-espanol-scaled.jpg","type":"image\/jpeg"}],"twitter_card":"summary_large_image","twitter_site":"@WellnessHouse","twitter_misc":{"Tiempo de lectura":"8 minutos"},"schema":{"@context":"https:\/\/schema.org","@graph":[{"@type":"WebPage","@id":"https:\/\/wellnesshouse-acc.cyberoptik.co\/programas-en-espanol\/","url":"https:\/\/wellnesshouse-acc.cyberoptik.co\/programas-en-espanol\/","name":"\u00a1Bienvenidos a Wellness House! | Wellness House","isPartOf":{"@id":"https:\/\/wellnesshouse-acc.cyberoptik.co\/#website"},"primaryImageOfPage":{"@id":"https:\/\/wellnesshouse-acc.cyberoptik.co\/programas-en-espanol\/#primaryimage"},"image":{"@id":"https:\/\/wellnesshouse-acc.cyberoptik.co\/programas-en-espanol\/#primaryimage"},"thumbnailUrl":"https:\/\/wellnesshouse-acc.cyberoptik.co\/wp-content\/uploads\/2021\/08\/wellness-house-espanol-scaled.jpg","datePublished":"2021-05-14T22:22:13+00:00","dateModified":"2026-01-12T21:11:34+00:00","breadcrumb":{"@id":"https:\/\/wellnesshouse-acc.cyberoptik.co\/programas-en-espanol\/#breadcrumb"},"inLanguage":"es","potentialAction":[{"@type":"ReadAction","target":["https:\/\/wellnesshouse-acc.cyberoptik.co\/programas-en-espanol\/"]}]},{"@type":"ImageObject","inLanguage":"es","@id":"https:\/\/wellnesshouse-acc.cyberoptik.co\/programas-en-espanol\/#primaryimage","url":"https:\/\/wellnesshouse-acc.cyberoptik.co\/wp-content\/uploads\/2021\/08\/wellness-house-espanol-scaled.jpg","contentUrl":"https:\/\/wellnesshouse-acc.cyberoptik.co\/wp-content\/uploads\/2021\/08\/wellness-house-espanol-scaled.jpg","width":2000,"height":625},{"@type":"BreadcrumbList","@id":"https:\/\/wellnesshouse-acc.cyberoptik.co\/programas-en-espanol\/#breadcrumb","itemListElement":[{"@type":"ListItem","position":1,"name":"Home","item":"https:\/\/wellnesshouse-acc.cyberoptik.co\/"},{"@type":"ListItem","position":2,"name":"\u00a1Bienvenidos a Wellness House!"}]},{"@type":"WebSite","@id":"https:\/\/wellnesshouse-acc.cyberoptik.co\/#website","url":"https:\/\/wellnesshouse-acc.cyberoptik.co\/","name":"Wellness House","description":"For Living with Cancer","publisher":{"@id":"https:\/\/wellnesshouse-acc.cyberoptik.co\/#organization"},"potentialAction":[{"@type":"SearchAction","target":{"@type":"EntryPoint","urlTemplate":"https:\/\/wellnesshouse-acc.cyberoptik.co\/?s={search_term_string}"},"query-input":{"@type":"PropertyValueSpecification","valueRequired":true,"valueName":"search_term_string"}}],"inLanguage":"es"},{"@type":"Organization","@id":"https:\/\/wellnesshouse-acc.cyberoptik.co\/#organization","name":"Wellness House","url":"https:\/\/wellnesshouse-acc.cyberoptik.co\/","logo":{"@type":"ImageObject","inLanguage":"es","@id":"https:\/\/wellnesshouse-acc.cyberoptik.co\/#\/schema\/logo\/image\/","url":"https:\/\/wellnesshouse-acc.cyberoptik.co\/wp-content\/uploads\/2021\/05\/Wellness-House-Default-logo.png","contentUrl":"https:\/\/wellnesshouse-acc.cyberoptik.co\/wp-content\/uploads\/2021\/05\/Wellness-House-Default-logo.png","width":510,"height":242,"caption":"Wellness House"},"image":{"@id":"https:\/\/wellnesshouse-acc.cyberoptik.co\/#\/schema\/logo\/image\/"},"sameAs":["https:\/\/www.facebook.com\/WellnessHouseHinsdale","https:\/\/x.com\/WellnessHouse","https:\/\/www.instagram.com\/wellnesshousehinsdale\/","https:\/\/www.linkedin.com\/company\/wellness-house\/"]}]}},"_links":{"self":[{"href":"https:\/\/wellnesshouse-acc.cyberoptik.co\/es\/wp-json\/wp\/v2\/pages\/882","targetHints":{"allow":["GET"]}}],"collection":[{"href":"https:\/\/wellnesshouse-acc.cyberoptik.co\/es\/wp-json\/wp\/v2\/pages"}],"about":[{"href":"https:\/\/wellnesshouse-acc.cyberoptik.co\/es\/wp-json\/wp\/v2\/types\/page"}],"author":[{"embeddable":true,"href":"https:\/\/wellnesshouse-acc.cyberoptik.co\/es\/wp-json\/wp\/v2\/users\/15"}],"replies":[{"embeddable":true,"href":"https:\/\/wellnesshouse-acc.cyberoptik.co\/es\/wp-json\/wp\/v2\/comments?post=882"}],"version-history":[{"count":161,"href":"https:\/\/wellnesshouse-acc.cyberoptik.co\/es\/wp-json\/wp\/v2\/pages\/882\/revisions"}],"predecessor-version":[{"id":12986,"href":"https:\/\/wellnesshouse-acc.cyberoptik.co\/es\/wp-json\/wp\/v2\/pages\/882\/revisions\/12986"}],"wp:featuredmedia":[{"embeddable":true,"href":"https:\/\/wellnesshouse-acc.cyberoptik.co\/es\/wp-json\/wp\/v2\/media\/2827"}],"wp:attachment":[{"href":"https:\/\/wellnesshouse-acc.cyberoptik.co\/es\/wp-json\/wp\/v2\/media?parent=882"}],"curies":[{"name":"wp","href":"https:\/\/api.w.org\/{rel}","templated":true}]}}